{"id":82,"date":"2017-04-06T10:31:36","date_gmt":"2017-04-06T08:31:36","guid":{"rendered":"http:\/\/holtmanns.eu\/tidbits\/?page_id=82"},"modified":"2017-04-06T10:31:36","modified_gmt":"2017-04-06T08:31:36","slug":"unser-ferienhauschen","status":"publish","type":"page","link":"https:\/\/holtmanns.eu\/tidbits\/unser-ferienhauschen\/","title":{"rendered":"Unser Ferienh\u00e4uschen"},"content":{"rendered":"<p>Betrachtet dies mal als Platzhalter f\u00fcr weitere Dinge die da kommen. Unser s\u00fc\u00dfes kleines Sommerh\u00e4uschen am See in Valkeakoski.<\/p>\n<div id=\"attachment_79\" style=\"width: 310px\" class=\"wp-caption alignnone\"><a href=\"http:\/\/holtmanns.eu\/tidbits\/?attachment_id=79\" rel=\"attachment wp-att-79\"><img fetchpriority=\"high\" decoding=\"async\" aria-describedby=\"caption-attachment-79\" class=\"size-medium wp-image-79\" src=\"http:\/\/holtmanns.eu\/tidbits\/wp-content\/uploads\/2017\/04\/Moekki-300x225.jpg\" alt=\"M\u00f6kki - Summer cottage\" width=\"300\" height=\"225\" srcset=\"https:\/\/holtmanns.eu\/tidbits\/wp-content\/uploads\/2017\/04\/Moekki-300x225.jpg 300w, https:\/\/holtmanns.eu\/tidbits\/wp-content\/uploads\/2017\/04\/Moekki-768x576.jpg 768w, https:\/\/holtmanns.eu\/tidbits\/wp-content\/uploads\/2017\/04\/Moekki-1024x768.jpg 1024w, https:\/\/holtmanns.eu\/tidbits\/wp-content\/uploads\/2017\/04\/Moekki-800x600.jpg 800w, https:\/\/holtmanns.eu\/tidbits\/wp-content\/uploads\/2017\/04\/Moekki-400x300.jpg 400w, https:\/\/holtmanns.eu\/tidbits\/wp-content\/uploads\/2017\/04\/Moekki.jpg 2016w\" sizes=\"(max-width: 300px) 100vw, 300px\" \/><\/a><p id=\"caption-attachment-79\" class=\"wp-caption-text\">M\u00f6kki &#8211; Summer cottage<\/p><\/div>\n","protected":false},"excerpt":{"rendered":"<p>Betrachtet dies mal als Platzhalter f\u00fcr weitere Dinge die da kommen. Unser s\u00fc\u00dfes kleines Sommerh\u00e4uschen am See in Valkeakoski.<\/p>\n","protected":false},"author":1,"featured_media":0,"parent":0,"menu_order":0,"comment_status":"closed","ping_status":"closed","template":"","meta":{"ngg_post_thumbnail":0,"footnotes":""},"class_list":["post-82","page","type-page","status-publish","hentry"],"_links":{"self":[{"href":"https:\/\/holtmanns.eu\/tidbits\/wp-json\/wp\/v2\/pages\/82","targetHints":{"allow":["GET"]}}],"collection":[{"href":"https:\/\/holtmanns.eu\/tidbits\/wp-json\/wp\/v2\/pages"}],"about":[{"href":"https:\/\/holtmanns.eu\/tidbits\/wp-json\/wp\/v2\/types\/page"}],"author":[{"embeddable":true,"href":"https:\/\/holtmanns.eu\/tidbits\/wp-json\/wp\/v2\/users\/1"}],"replies":[{"embeddable":true,"href":"https:\/\/holtmanns.eu\/tidbits\/wp-json\/wp\/v2\/comments?post=82"}],"version-history":[{"count":1,"href":"https:\/\/holtmanns.eu\/tidbits\/wp-json\/wp\/v2\/pages\/82\/revisions"}],"predecessor-version":[{"id":84,"href":"https:\/\/holtmanns.eu\/tidbits\/wp-json\/wp\/v2\/pages\/82\/revisions\/84"}],"wp:attachment":[{"href":"https:\/\/holtmanns.eu\/tidbits\/wp-json\/wp\/v2\/media?parent=82"}],"curies":[{"name":"wp","href":"https:\/\/api.w.org\/{rel}","templated":true}]}}