{"id":39,"date":"2017-04-02T19:55:28","date_gmt":"2017-04-02T17:55:28","guid":{"rendered":"http:\/\/holtmanns.eu\/tidbits\/?page_id=39"},"modified":"2017-04-02T23:40:01","modified_gmt":"2017-04-02T21:40:01","slug":"meine-motorrader","status":"publish","type":"page","link":"https:\/\/holtmanns.eu\/tidbits\/meine-motorrader\/","title":{"rendered":"Meine Motorr\u00e4der"},"content":{"rendered":"<p>Ich habe ein gro\u00dfes Hobby: Motorrad fahren. Meine ersten Versuche habe ich zusammen mit meinem Autof\u00fchrerschein gestartet, damals, 1988. Allerdings ging mir dabei zu schnell das Geld aus und ich musste auf die (damalige) Klasse 1 verzichten.<\/p>\n<p>Erst 1994 w\u00e4hrend meines Auslandsaufenthaltes in Edinburgh, Schottland, konnte ich es endlich nachholen. Das passierte dann (ungelogen) in einem Wochenendkurs auf kleinen 250er Hondas. Die erste Pr\u00fcfung setzte ich erstmal in den Sand, da ich laut Pr\u00fcfer &#8220;too far to the right&#8221;, also zu weit rechts gefahren bin. \u00dcberraschung! Beim zweiten Anlauf habe ich mich dann brav an den Linksverkehr gehalten und bestanden.<\/p>\n<p>Das erste Motorrad musste allerdings ziemlich lange auf sich warten lassen. Eine schwarz-graue Yamaha XVS 650 Dragstar von 1999, eins der Joker-Modelle von damals, niegelnagelneu in Borchen bei Berlage gekauft.<\/p>\n<div id=\"attachment_40\" style=\"width: 310px\" class=\"wp-caption alignnone\"><a href=\"http:\/\/holtmanns.eu\/tidbits\/?attachment_id=40\" target=\"_blank\"><img fetchpriority=\"high\" decoding=\"async\" aria-describedby=\"caption-attachment-40\" class=\"size-medium wp-image-40\" src=\"http:\/\/holtmanns.eu\/tidbits\/wp-content\/uploads\/2017\/04\/dragstar-300x214.jpg\" alt=\"Yamaha XVS 650 Dragstar\" width=\"300\" height=\"214\" srcset=\"https:\/\/holtmanns.eu\/tidbits\/wp-content\/uploads\/2017\/04\/dragstar-300x214.jpg 300w, https:\/\/holtmanns.eu\/tidbits\/wp-content\/uploads\/2017\/04\/dragstar-768x548.jpg 768w, https:\/\/holtmanns.eu\/tidbits\/wp-content\/uploads\/2017\/04\/dragstar-800x571.jpg 800w, https:\/\/holtmanns.eu\/tidbits\/wp-content\/uploads\/2017\/04\/dragstar.jpg 953w\" sizes=\"(max-width: 300px) 100vw, 300px\" \/><\/a><p id=\"caption-attachment-40\" class=\"wp-caption-text\">Yamaha XVS 650 Dragstar<\/p><\/div>\n<p>So ungef\u00e4hr sah sie aus, ich hatte noch eine Sissy-Bar dabei, Zusatzscheinwerfer, das \u00fcbliche. Aber die Freude sollte nicht lange halten, Im Herbst 2002, als ich auf dem Weg zu einem Treffen mit Freunden war, entschied sich ein etwas \u00e4lterer Kaninchenz\u00fcchter, mir auf einer feuchten Landstrasse die Vorfahrt zu nehmen. Ich lag im Graben, zum Gl\u00fcck nur mit Prellungen, und das Motorrad war Totalschaden. Es ist schon ein wenig gruselig, wenn der Motorradh\u00e4ndler bei dem die Reste stehen einen anschaut als w\u00fcrde er einen Geist sehen, wenn man ihm sagt, dass man der Fahrer des traurigen H\u00e4ufleins Stahl und Plastik sei, dass sie da in ihrer Werkstatt stehen haben&#8230;<\/p>\n<p>(Ich suche noch nach den Bildern&#8230;)<\/p>\n<p>Von dem bisschen Schmerzens- und Versicherungsgeld kam dann aber bald die Nachfolgerin, eine gebrauchte Kawasaki VN 800 Classic.<\/p>\n<div id=\"attachment_41\" style=\"width: 310px\" class=\"wp-caption alignnone\"><img decoding=\"async\" aria-describedby=\"caption-attachment-41\" class=\"size-medium wp-image-41\" src=\"http:\/\/holtmanns.eu\/tidbits\/wp-content\/uploads\/2017\/04\/vn1-300x188.jpg\" alt=\"VN800 Classic\" width=\"300\" height=\"188\" srcset=\"https:\/\/holtmanns.eu\/tidbits\/wp-content\/uploads\/2017\/04\/vn1-300x188.jpg 300w, https:\/\/holtmanns.eu\/tidbits\/wp-content\/uploads\/2017\/04\/vn1-768x482.jpg 768w, https:\/\/holtmanns.eu\/tidbits\/wp-content\/uploads\/2017\/04\/vn1.jpg 800w, https:\/\/holtmanns.eu\/tidbits\/wp-content\/uploads\/2017\/04\/vn1-320x202.jpg 320w, https:\/\/holtmanns.eu\/tidbits\/wp-content\/uploads\/2017\/04\/vn1-700x441.jpg 700w\" sizes=\"(max-width: 300px) 100vw, 300px\" \/><p id=\"caption-attachment-41\" class=\"wp-caption-text\">VN800 Classic Burgunder<\/p><\/div>\n<p>Allerdings war die zwar nett, aber irgendwie&#8230; nicht so ganz das Richtige. Schon vor meiner Yamaha hatte ich mich eigentlich in etwas ganz anderes verguckt was zu der Zeit gerade frisch auf den Markt kam, aber f\u00fcr mich nicht bezahlbar war: eine Kawasaki VN 800 C, gemeinhin bekannt als &#8220;Drifter&#8221;.<\/p>\n<div id=\"attachment_43\" style=\"width: 310px\" class=\"wp-caption alignnone\"><a href=\"http:\/\/holtmanns.eu\/tidbits\/?attachment_id=43\" rel=\"attachment wp-att-43\"><img decoding=\"async\" aria-describedby=\"caption-attachment-43\" class=\"size-medium wp-image-43\" src=\"http:\/\/holtmanns.eu\/tidbits\/wp-content\/uploads\/2017\/04\/Drifter-300x199.jpg\" alt=\"Kawasaki VN 800 Drifter\" width=\"300\" height=\"199\" srcset=\"https:\/\/holtmanns.eu\/tidbits\/wp-content\/uploads\/2017\/04\/Drifter-300x199.jpg 300w, https:\/\/holtmanns.eu\/tidbits\/wp-content\/uploads\/2017\/04\/Drifter-768x509.jpg 768w, https:\/\/holtmanns.eu\/tidbits\/wp-content\/uploads\/2017\/04\/Drifter-1024x679.jpg 1024w, https:\/\/holtmanns.eu\/tidbits\/wp-content\/uploads\/2017\/04\/Drifter-800x530.jpg 800w, https:\/\/holtmanns.eu\/tidbits\/wp-content\/uploads\/2017\/04\/Drifter.jpg 1580w\" sizes=\"(max-width: 300px) 100vw, 300px\" \/><\/a><p id=\"caption-attachment-43\" class=\"wp-caption-text\">Kawasaki VN 800 Drifter<\/p><\/div>\n<p>Yep, die konnte ich dann auch schon im Sommer 2003 erfolgreich in gutem Gebrauchtzustand und nur wenigen km auf dem Tacho erwerben. Und sie steht seither in meiner Garage und wird gehegt und gepflegt und ab und zu auch gefahren.<\/p>\n","protected":false},"excerpt":{"rendered":"<p>Ich habe ein gro\u00dfes Hobby: Motorrad fahren. Meine ersten Versuche habe ich zusammen mit meinem Autof\u00fchrerschein gestartet, damals, 1988. Allerdings ging mir dabei zu schnell das Geld aus und ich musste auf die (damalige) Klasse 1 verzichten. Erst 1994 w\u00e4hrend meines Auslandsaufenthaltes in Edinburgh, Schottland, konnte ich es endlich nachholen. Das passierte dann (ungelogen) in einem Wochenendkurs auf kleinen 250er<\/p>\n<p><a class=\"more-link\" href=\"https:\/\/holtmanns.eu\/tidbits\/meine-motorrader\/\">Read More<\/a><\/p>\n","protected":false},"author":1,"featured_media":0,"parent":0,"menu_order":0,"comment_status":"closed","ping_status":"closed","template":"","meta":{"ngg_post_thumbnail":0,"footnotes":""},"class_list":["post-39","page","type-page","status-publish","hentry"],"_links":{"self":[{"href":"https:\/\/holtmanns.eu\/tidbits\/wp-json\/wp\/v2\/pages\/39","targetHints":{"allow":["GET"]}}],"collection":[{"href":"https:\/\/holtmanns.eu\/tidbits\/wp-json\/wp\/v2\/pages"}],"about":[{"href":"https:\/\/holtmanns.eu\/tidbits\/wp-json\/wp\/v2\/types\/page"}],"author":[{"embeddable":true,"href":"https:\/\/holtmanns.eu\/tidbits\/wp-json\/wp\/v2\/users\/1"}],"replies":[{"embeddable":true,"href":"https:\/\/holtmanns.eu\/tidbits\/wp-json\/wp\/v2\/comments?post=39"}],"version-history":[{"count":5,"href":"https:\/\/holtmanns.eu\/tidbits\/wp-json\/wp\/v2\/pages\/39\/revisions"}],"predecessor-version":[{"id":55,"href":"https:\/\/holtmanns.eu\/tidbits\/wp-json\/wp\/v2\/pages\/39\/revisions\/55"}],"wp:attachment":[{"href":"https:\/\/holtmanns.eu\/tidbits\/wp-json\/wp\/v2\/media?parent=39"}],"curies":[{"name":"wp","href":"https:\/\/api.w.org\/{rel}","templated":true}]}}